{"id":10,"date":"2019-08-16T12:07:05","date_gmt":"2019-08-16T12:07:05","guid":{"rendered":"http:\/\/www.suomenitamainenseura.org\/?page_id=10"},"modified":"2025-09-17T06:26:51","modified_gmt":"2025-09-17T06:26:51","slug":"studia-orientalia","status":"publish","type":"page","link":"https:\/\/www.suomenitamainenseura.org\/index.php\/studia-orientalia\/","title":{"rendered":"Studia Orientalia"},"content":{"rendered":"<p><em>Studia Orientalia<\/em> (ISSN 0039-3282) is an internationally recognized publication series published by the Finnish Oriental Society (Societas Orientalis Fennica). It consists of high-quality monographs and thematic collections of articles relating to all fields of Asian and African studies. <em>Studia Orientalia<\/em> is widely known, as it is delivered to more than 140 libraries around the world. If you have a proposal for the series, please get in touch with the editor, Lotta Aunio (lotta.aunio[AT]helsinki.fi).<\/p>\n<p>The journal follows the peer review instructions of Finnish Association for Scholarly Publishing and the guidelines issued by Finnish Advisory Board on Research Integrity (TENK). All peer-reviewed articles of the journal are indicated with <a href=\"https:\/\/www.tsv.fi\/en\/services\/label-for-peer-reviewed-scholarly-publications\" target=\"_blank\" rel=\"noopener noreferrer\">the peer-review label<\/a>, which is a registered trademark of the Federation of Finnish Learned Societies. The Federation of Finnish Learned Societies issues the right to use the label to publication series based on applications.<\/p>\n<p>In 2013 an offshoot of <em>Studia Orientalia<\/em>, <em>Studia Orientalia Electronica<\/em> (StOrE), was established. StOrE is a peer-reviewed multidisciplinary journal publishing original research articles and reviews in all fields of Asian and African studies. StOrE was established to keep up the fine publishing tradition of <em>Studia Orientalia<\/em>. The journal publishes high quality articles in a more modern and accessible format.<\/p>\n<p>Interested in submitting to StOrE? Please go to the <a href=\"http:\/\/ojs.tsv.fi\/index.php\/StOrE\/index\">StOrE website<\/a>.<\/p>\n<p>Contributions to <em>Studia Orientalia<\/em> and <em>Studia Orientalia Electronica<\/em> will be submitted to two anonymous peer-reviewers. For articles submitted to <em>Studia Orientalia Electronica<\/em> the statements from the reviewers and the publication decision are usually sent to the writer within two months of submission.<\/p>\n<p><em>Studia Orientalia<\/em> is published in print, but after a 6 month embargo pediod, all issues are made available in digital form (Publisher&#8217;s pdf) in the <a href=\"https:\/\/journal.fi\/store\/issue\/archive\" target=\"_blank\" rel=\"noopener noreferrer\">StOrE \u201cArchives\u201d<\/a> section.<\/p>\n<p>The back issues of <em>Studia Orientalia<\/em> have been made available in the <a href=\"https:\/\/journal.fi\/store\/issue\/archive\" target=\"_blank\" rel=\"noopener noreferrer\">StOrE \u201cArchives\u201d<\/a> section. Studia Orientalia publications are<\/p>\n<p><strong>Latest Publications<\/strong><\/p>\n<p>Jenna Sorjonen, Riho Gr\u00fcnthal, Sami Honkasalo, Kaisla Kaheinen, Seppo Kittil\u00e4, Riikka L\u00e4nsisalmi, Matti Miestamo, Erika Sandman, Saana Santalahti &amp; Chingduang Yurayong (eds): <em>N\u2019yng-dyuumgu, n\u2019yng-ngafq: Festschrift for Ekaterina Gruzdeva<\/em>. Studia Orientalia 126. 2025. xxxii + 498 pp.<\/p>\n<p>Klaus Karttunen: <em>India and the Roman Empire<\/em>. Studia Orientalia 125. 2024. x + 630 pp.<\/p>\n<p>Jeong-Young Kim &amp; Lasse Lehtonen (eds):<em>\u00a0Proceedings from NAJAKS 2022<\/em>.\u00a0 Studia Orientalia 124. 2023. x + 220 pp.<\/p>\n<p>Albion M. Butters (ed.): <i>Poetry, Drama, and Aesthetics: Papers of the 12th Sanskrit Conference held in Helsinki, Finland, 13<\/i><em>\u201318 July 2003<\/em>. Studia Orientalia 123. 2022. viii + 114 pp.<\/p>\n<p>P\u00e4ivi Miettunen:<i>\u00a0Our Ancestors Were Bedouin\u00a0<\/i> <em>\u2013 Memory, Identity, and Change: The Case of Holy Sites in Southern Jordan<\/em>. Studia Orientalia 122. 2021. xii + 226 pp.<\/p>\n<p>Albion M. Butters (ed.)<em>: Pur\u0101\u1e47as, \u0100gamas, and Tantras. Papers of the 12th World Sanskrit Conference held in Helsinki, Finland 13-18 July 2003<\/em>. Studia Orientalia 121. 2020.\u00a0 x + 154 pp.<\/p>\n<p><a href=\"http:\/\/www.suomenitamainenseura.org\/wp-content\/uploads\/2025\/09\/StOr-index_2025.pdf\" target=\"_blank\" rel=\"noopener noreferrer\">Downloadable list of all Studia Orientalia publications <\/a>(pdf).<\/p>\n<p><strong>Availability<\/strong><br \/>\n<em>Studia Orientalia<\/em> is distributed by Federation of Finnish Learned Societies:<br \/>\n<a href=\"http:\/\/www.tiedekirja.fi\/\">Bookstore Tiedekirja<\/a><br \/>\naddress: Snellmaninkatu 13, <span class=\"caps\">FIN<\/span>-00170 Helsinki, Finland<br \/>\ntel. +358-9-635177<br \/>\nfax: +358-9-635017<br \/>\ne-mail: <a href=\"mailto:tiedekirja@tsv.fi\">tiedekirja@tsv.fi<\/a><\/p>\n<p><strong>Editor<\/strong><br \/>\nLotta Aunio<\/p>\n<p><strong>Co-Editor<\/strong><br \/>\nSari Nieminen<\/p>\n<p><strong>Advisory Editorial Board<\/strong><\/p>\n<p>Prof. Emeritus Juha Janhunen (Altaic Studies)<br \/>\nProf. Hannu Juusola (Middle Eastern Studies)<br \/>\nDoc. Klaus Karttunen (Indology)<br \/>\nAsst. Prof. Gina Konstantopoulos, University of California (Assyriology)<br \/>\nDoc. Riikka L\u00e4nsisalmi (Japanese Studies)<br \/>\nPhil. Lic. Kaj \u00d6hrnberg (Arabic and Islamic Studies)<br \/>\nAssoc. Prof. Saana Sv\u00e4rd (Assyriology)<br \/>\nAssoc. Prof. Xenia Zeiler (South Asian Studies)<\/p>\n<p><img loading=\"lazy\" class=\"alignnone size-medium wp-image-132\" src=\"http:\/\/www.suomenitamainenseura.org\/wp-content\/uploads\/2019\/08\/4t-300x120.jpg\" alt=\"TSV:n vertaisarviointitunnus\" width=\"300\" height=\"120\" srcset=\"https:\/\/www.suomenitamainenseura.org\/wp-content\/uploads\/2019\/08\/4t-300x120.jpg 300w, https:\/\/www.suomenitamainenseura.org\/wp-content\/uploads\/2019\/08\/4t.jpg 709w\" sizes=\"(max-width: 300px) 85vw, 300px\" \/><br \/>\nStudia Orientalia has been granted the right to use the label for<br \/>\npeer-reviewed scholarly publications (vertaisarviointitunnus) of the<br \/>\nFederation of Finnish Learned Societies (Tieteellisten Seurain<br \/>\nValtuuskunta, <span class=\"caps\">TSV<\/span>), and adheres to the requirements of use of the label.<br \/>\n<a href=\"https:\/\/www.tsv.fi\/fi\/palvelut\/tunnus\">https:\/\/www.tsv.fi\/fi\/palvelut\/tunnus<\/a><br \/>\n<a href=\"https:\/\/www.tsv.fi\/en\/services\/label-for-peer-reviewed-scholarly-publications\">https:\/\/www.tsv.fi\/en\/services\/label-for-peer-reviewed-scholarly-publications<\/a><\/p>\n","protected":false},"excerpt":{"rendered":"<p>Studia Orientalia (ISSN 0039-3282) is an internationally recognized publication series published by the Finnish Oriental Society (Societas Orientalis Fennica). It consists of high-quality monographs and thematic collections of articles relating to all fields of Asian and African studies. Studia Orientalia is widely known, as it is delivered to more than 140 libraries around the world. &hellip; <a href=\"https:\/\/www.suomenitamainenseura.org\/index.php\/studia-orientalia\/\" class=\"more-link\">Jatka lukemista<span class=\"screen-reader-text\"> &#8221;Studia Orientalia&#8221;<\/span><\/a><\/p>\n","protected":false},"author":1,"featured_media":0,"parent":0,"menu_order":0,"comment_status":"closed","ping_status":"closed","template":"","meta":[],"_links":{"self":[{"href":"https:\/\/www.suomenitamainenseura.org\/index.php\/wp-json\/wp\/v2\/pages\/10"}],"collection":[{"href":"https:\/\/www.suomenitamainenseura.org\/index.php\/wp-json\/wp\/v2\/pages"}],"about":[{"href":"https:\/\/www.suomenitamainenseura.org\/index.php\/wp-json\/wp\/v2\/types\/page"}],"author":[{"embeddable":true,"href":"https:\/\/www.suomenitamainenseura.org\/index.php\/wp-json\/wp\/v2\/users\/1"}],"replies":[{"embeddable":true,"href":"https:\/\/www.suomenitamainenseura.org\/index.php\/wp-json\/wp\/v2\/comments?post=10"}],"version-history":[{"count":30,"href":"https:\/\/www.suomenitamainenseura.org\/index.php\/wp-json\/wp\/v2\/pages\/10\/revisions"}],"predecessor-version":[{"id":421,"href":"https:\/\/www.suomenitamainenseura.org\/index.php\/wp-json\/wp\/v2\/pages\/10\/revisions\/421"}],"wp:attachment":[{"href":"https:\/\/www.suomenitamainenseura.org\/index.php\/wp-json\/wp\/v2\/media?parent=10"}],"curies":[{"name":"wp","href":"https:\/\/api.w.org\/{rel}","templated":true}]}}